{"id":121,"date":"2013-06-06T09:34:42","date_gmt":"2013-06-06T07:34:42","guid":{"rendered":"http:\/\/electronicayautomatica.edu.umh.es\/?page_id=121"},"modified":"2023-09-15T13:15:52","modified_gmt":"2023-09-15T11:15:52","slug":"localizacioncontacto","status":"publish","type":"page","link":"https:\/\/caup.umh.es\/ca\/presentacion\/localizacioncontacto\/","title":{"rendered":"Directori"},"content":{"rendered":"<p><strong>Bego\u00f1a Ivars Nicol\u00e1s<\/strong><br \/>\nCoordinadora de \u00c1rea de Comunicaci\u00f3n Audiovisual y responsable del Grado en Comunicaci\u00f3n Audiovisual de la UMH.<br \/>\n<a href=\"mailto:bivars@umh.es\" target=\"_blank\" rel=\"noopener noreferrer\">bivars@umh.es<\/a><br \/>\nTel: <span class=\"semantic\">+34 96 522 2554<\/span><\/p>\n<p><strong>Montserrat Jurado Mart\u00edn<\/strong><br \/>\nCoordinadora de Proyecci\u00f3n de la Titulaci\u00f3n de Comunicaci\u00f3n Audiovisual<br \/>\n<a href=\"mailto:edelcampo@umh.es\" target=\"_blank\" rel=\"noopener noreferrer\">mjurado@umh.es<\/a><br \/>\nTel: <span class=\"semantic\">+34 96 665 8354<\/span><\/p>\n<p>Coordinadores de curso de la Titulaci\u00f3n:<br \/>\n1\u00ba CAU: Montserrat Jurado:\u00a0<a href=\"mailto:mjurado@umh.es\">mjurado@umh.es<\/a><br \/>\n2\u00ba CAU: Salvador Giner:\u00a0<a href=\"sginer@umh.es\" target=\"_blank\" rel=\"noopener noreferrer\">sginer@umh.es<\/a><br \/>\n3\u00ba CAU: Teresa Zaragoza: <a href=\"edelcampo@umh.es\" target=\"_blank\" rel=\"noopener noreferrer\">edelcampo@umh.es<\/a><br \/>\n4\u00ba CAU: Mario Paul Mart\u00ednez:<a href=\"\u00a0mario.martinez@umh.es\" target=\"_blank\" rel=\"noopener noreferrer\">\u00a0mario.martinez@umh.es<\/a><\/p>\n<p>Espacios Docentes en Edificio Atzavares Campus de Elche<\/p>\n<p>&nbsp;<\/p>","protected":false},"excerpt":{"rendered":"<p>Bego\u00f1a Ivars Nicol\u00e1s<br \/>\nCoordinadora de \u00c1rea de Comunicaci\u00f3n Audiovisual y responsable del Grado en Comunicaci\u00f3n Audiovisual de la UMH.<br \/>\nbivars@umh.es<br \/>\nTel: +34 96 522 2554<br \/>\nMontserrat Jurado Mart\u00edn<br \/>\nCoordinadora de Proyecci\u00f3n de la Titulaci\u00f3n de Comunicaci\u00f3n Audiovisual<br \/>\nmjurado@umh.es<br \/>\nTel: +34 96 665 8354<br \/>\nCoordinadores de curso de la Titulaci\u00f3n:<br \/>\n1\u00ba CAU: Montserrat Jurado:\u00a0mjurado@umh.es<br \/>\n2\u00ba CAU: Salvador Giner:\u00a0sginer@umh.es<br \/>\n3\u00ba CAU: Teresa Zaragoza: edelcampo@umh.es<br \/>\n4\u00ba CAU: Mario Paul Mart\u00ednez:\u00a0mario.martinez@umh.es<br \/>\nEspacios [&#8230;]<\/p>\n","protected":false},"author":1406,"featured_media":0,"parent":3,"menu_order":120,"comment_status":"closed","ping_status":"closed","template":"","meta":{"_links_to":"","_links_to_target":""},"_links":{"self":[{"href":"https:\/\/caup.umh.es\/ca\/wp-json\/wp\/v2\/pages\/121"}],"collection":[{"href":"https:\/\/caup.umh.es\/ca\/wp-json\/wp\/v2\/pages"}],"about":[{"href":"https:\/\/caup.umh.es\/ca\/wp-json\/wp\/v2\/types\/page"}],"author":[{"embeddable":true,"href":"https:\/\/caup.umh.es\/ca\/wp-json\/wp\/v2\/users\/1406"}],"replies":[{"embeddable":true,"href":"https:\/\/caup.umh.es\/ca\/wp-json\/wp\/v2\/comments?post=121"}],"version-history":[{"count":0,"href":"https:\/\/caup.umh.es\/ca\/wp-json\/wp\/v2\/pages\/121\/revisions"}],"up":[{"embeddable":true,"href":"https:\/\/caup.umh.es\/ca\/wp-json\/wp\/v2\/pages\/3"}],"wp:attachment":[{"href":"https:\/\/caup.umh.es\/ca\/wp-json\/wp\/v2\/media?parent=121"}],"curies":[{"name":"wp","href":"https:\/\/api.w.org\/{rel}","templated":true}]}}