{"id":1699,"date":"2016-05-08T10:46:28","date_gmt":"2016-05-08T10:46:28","guid":{"rendered":"http:\/\/cau.edu.umh.es\/?page_id=1699"},"modified":"2020-12-07T10:23:38","modified_gmt":"2020-12-07T09:23:38","slug":"reconocimiento-de-creditos-transversales-y-profesionales","status":"publish","type":"page","link":"https:\/\/caup.umh.es\/ca\/info\/reconocimiento-de-creditos-transversales-y-profesionales\/","title":{"rendered":"<span lang=\"es\">(Espa\u00f1ol) Reconocimiento de Cr\u00e9ditos Transversales y Profesionales<\/span>"},"content":{"rendered":"<p>Los planes de estudios de los t\u00edtulos de Grado de la UMH contemplan la adquisici\u00f3n de competencias por parte del estudiante mediante la superaci\u00f3n o acreditaci\u00f3n de una materia denominada \u201c<strong>Optatividad del Centro<\/strong>\u201d.<\/p>\n<p>As\u00ed, la superaci\u00f3n de dicha materia se podr\u00e1 realizar del siguiente modo:<\/p>\n<ul>\n<li>Aprobando las asignaturas optativas del plan de estudios que est\u00e1 cursando estudiante.<\/li>\n<li>Aprobando las asignaturas de otros planes de estudios de la misma rama de conocimiento: oferta de asignaturas de otros planes de estudios.<\/li>\n<li>Acreditando actividades transversales y profesionales:<\/li>\n<\/ul>\n<p>\u2013 Actividades universitarias culturales, deportivas, de representaci\u00f3n estudiantil, solidarias y de cooperaci\u00f3n.<\/p>\n<p>\u2013 Programas de movilidad.<\/p>\n<p>\u2013 <a href=\"https:\/\/estudios.umh.es\/files\/2014\/02\/Certificaci%C3%B3n-Idiomas_Valenciano_Reconocimiento-de-Cr%C3%A9ditos_v2.pdf\" target=\"_blank\" rel=\"noopener noreferrer\"><strong>Conocimiento de idiomas extranjeros y lengua valenciana<\/strong>.<\/a><\/p>\n<p>\u2013 Pr\u00e1cticas en empresas o instituciones y pr\u00e1cticas internas en la UMH.<\/p>\n<p>-Jornadas y Congresos Cient\u00edficos, Ferias, Exposiciones Cient\u00edfico-T\u00e9cnicas y Exposiciones Art\u00edsticas; y Cursos\u00a0de\u00a0Perfeccionamiento y Especializaci\u00f3n Profesional.<\/p>\n<p><span style=\"text-decoration: underline\"><strong>Procedimiento para la solicitud de reconocimiento de cr\u00e9ditos por Competencias Transversales y Profesionales.<\/strong><\/span><\/p>\n<p><strong>Plazo:\u00a0<\/strong>La solicitud de las asignaturas de otros planes de estudios de la misma rama de conocimiento\u00a0se realizar\u00e1 del 1 \u00a0al\u00a030 de\u00a0septiembre de 2016.<\/p>\n<p>El resto de actividades (actividades culturales, deportivas, idiomas\u2026) en\u00a0cualquier momento, excepto los meses de julio a octubre.<\/p>\n<p>Los estudiantes que est\u00e9n en condiciones de finalizar sus estudios pueden solicitar el reconocimiento de cr\u00e9ditos en cualquier momento.<\/p>\n<p><strong>D\u00f3nde: <\/strong>Centro de Gesti\u00f3n de Campus\u00a0correspondiente.<\/p>\n<p><strong>Documentaci\u00f3n a aportar:<\/strong> Documentaci\u00f3n original acreditativa y\u00a0copia\u00a0para su pertinente cotejo.<\/p>\n<p><strong>Debes tener en cuenta que:<\/strong><\/p>\n<p>\u2013 Las actividades presentadas deben realizarse durante los cursos acad\u00e9micos en los cuales se est\u00e1 cursando el t\u00edtulo de Grado, con la excepci\u00f3n de la acreditaci\u00f3n de los idiomas extranjeros y el valenciano.<\/p>\n<p>\u2013 La acreditaci\u00f3n del nivel de idiomas de realizarse por\u00a0instituciones competentes en la certificaci\u00f3n de la adquisici\u00f3n por parte del estudiante de los niveles que establece el Marco com\u00fan europeo de referencia para las lenguas.<\/p>\n<p>\u2013 Deben ser actividades organizadas y acreditadas por \u00f3rganos de la UMH.<\/p>\n<p>Todo lo relativo a la normativa,documentaci\u00f3n, plazos y\u00a0procedimiento\u00a0que se debe seguir para la solicitud de reconocimiento de cr\u00e9ditos. se puede consultar en la circular:<\/p>\n<p><a href=\"http:\/\/cau.edu.umh.es\/wp-content\/uploads\/sites\/811\/2014\/10\/Circular-Competencias-Transversales-y-Profesionales_-WEB-UMH.pdf\" target=\"_blank\" rel=\"noopener noreferrer\">Normativa Reconocimiento de Cr\u00e9ditos por competencias transversales y profesionales<\/a><\/p>\n<p>Todas las consultas se pueden llevar a cabo en el Servicio de Gesti\u00f3n de Estudios:\u00a0<a href=\"https:\/\/estudios.umh.es\/presentacion\/consultanos\/\" target=\"_blank\" rel=\"noopener noreferrer\">https:\/\/estudios.umh.es\/presentacion\/consultanos\/<\/a><\/p>","protected":false},"excerpt":{"rendered":"<p>Los planes de estudios de los t\u00edtulos de Grado de la UMH contemplan la adquisici\u00f3n de competencias por parte del estudiante mediante la superaci\u00f3n o acreditaci\u00f3n de una materia denominada \u201cOptatividad del Centro\u201d.<br \/>\nAs\u00ed, la superaci\u00f3n de dicha materia se podr\u00e1 realizar del siguiente modo:<\/p>\n<p>Aprobando las asignaturas optativas del plan de estudios que est\u00e1 cursando estudiante.<br \/>\nAprobando [&#8230;]<\/p>\n","protected":false},"author":1406,"featured_media":0,"parent":281,"menu_order":31,"comment_status":"closed","ping_status":"closed","template":"","meta":{"_links_to":"","_links_to_target":""},"_links":{"self":[{"href":"https:\/\/caup.umh.es\/ca\/wp-json\/wp\/v2\/pages\/1699"}],"collection":[{"href":"https:\/\/caup.umh.es\/ca\/wp-json\/wp\/v2\/pages"}],"about":[{"href":"https:\/\/caup.umh.es\/ca\/wp-json\/wp\/v2\/types\/page"}],"author":[{"embeddable":true,"href":"https:\/\/caup.umh.es\/ca\/wp-json\/wp\/v2\/users\/1406"}],"replies":[{"embeddable":true,"href":"https:\/\/caup.umh.es\/ca\/wp-json\/wp\/v2\/comments?post=1699"}],"version-history":[{"count":0,"href":"https:\/\/caup.umh.es\/ca\/wp-json\/wp\/v2\/pages\/1699\/revisions"}],"up":[{"embeddable":true,"href":"https:\/\/caup.umh.es\/ca\/wp-json\/wp\/v2\/pages\/281"}],"wp:attachment":[{"href":"https:\/\/caup.umh.es\/ca\/wp-json\/wp\/v2\/media?parent=1699"}],"curies":[{"name":"wp","href":"https:\/\/api.w.org\/{rel}","templated":true}]}}