{"id":1779,"date":"2016-05-09T14:48:20","date_gmt":"2016-05-09T14:48:20","guid":{"rendered":"http:\/\/cau.edu.umh.es\/?page_id=1779"},"modified":"2020-12-07T10:24:31","modified_gmt":"2020-12-07T09:24:31","slug":"observatorio-ocupacional-practicas-en-empresas","status":"publish","type":"page","link":"https:\/\/caup.umh.es\/ca\/info\/observatorio-ocupacional-practicas-en-empresas\/","title":{"rendered":"<span lang=\"es\">(Espa\u00f1ol) Observatorio Ocupacional &#8211; Pr\u00e1cticas en Empresas<\/span>"},"content":{"rendered":"<p><strong>FORMALIZAR UNA PR\u00c1CTICA<\/strong><\/p>\n<p>Una vez has contactado con la empresa para acordar las condiciones de tu pr\u00e1ctica y con un profesor de tu titulaci\u00f3n para que sea tu tutor acad\u00e9mico, debes\u00a0<strong><a href=\"http:\/\/universite.umh.es\/obsocup-gestion\/paginas\/estudiantes\/practicas1a1\/inicio.asp\">generar los documentos de pr\u00e1cticas<\/a>.<\/strong><\/p>\n<p><strong>Tambi\u00e9n puedes consultar las <a href=\"https:\/\/observatorio.umh.es\/files\/2011\/06\/03-Formaliza-tus-pr%C3%A1cticas.pdf\" target=\"_blank\" rel=\"noopener noreferrer\">instrucciones para formalizar las pr\u00e1cticas<\/a>.<\/strong><\/p>\n<p>Recuerda que debes imprimir 3 copias de tu anexo de pr\u00e1cticas y 2 copias del convenio de colaboraci\u00f3n (en el caso de que la empresa no lo tuviera), y\u00a0remitirlas al Observatorio Ocupacional para su tramitaci\u00f3n, debidamente firmadas y selladas por la empresa y firmadas por tu parte.<\/p>\n<p><strong>IMPORTANTE:<\/strong> Debes remitir la documentaci\u00f3n (\u00fanicamente originales, no son v\u00e1lidas copias escaneadas) al Observatorio Ocupacional antes del comienzo de tus pr\u00e1cticas. La documentaci\u00f3n puede enviarse por correo interno a trav\u00e9s de\u00a0cualquier conserjer\u00eda de los campus de la UMH (Elche, Sant Joan d\u2019Alacant, Orihuela y Altea). Tambi\u00e9n se puede entregar en mano en el Observatorio Ocupacional, o enviarla por <a href=\"https:\/\/observatorio.umh.es\/contacta-con-nosotros\/contacto\/\">correo postal<\/a>, preferiblemente certificado.<\/p>\n<p>Si vas a realizar <strong>pr\u00e1cticas remuneradas<\/strong> y est\u00e1s cobrando una <strong>prestaci\u00f3n por desempleo<\/strong>, deber\u00e1s ponerte en contacto con el <strong>SEPE<\/strong> antes de iniciar las pr\u00e1cticas para regularizar tu situaci\u00f3n.<\/p>\n<p>Por otro lado debes tener en cuenta tambi\u00e9n las <strong>obligaciones fiscales y tributarias<\/strong>, de acuerdo con la legislaci\u00f3n vigente, derivadas de la realizaci\u00f3n de pr\u00e1cticas remuneradas. Para m\u00e1s informaci\u00f3n puedes consultar pinchando <a href=\"https:\/\/observatorio.umh.es\/empresas\/informacion\/informacion-fiscal-y-tributaria-solo-para-el-caso-de-practicas-remuneradas-a-estudiantes\/\" target=\"_blank\" rel=\"noopener noreferrer\"><strong>aqu\u00ed.<\/strong><\/a><strong>\u00a0<\/strong><\/p>\n<p><strong>Toda la informaci\u00f3n en:\u00a0<a href=\"https:\/\/observatorio.umh.es\/estudiantes-bolsa-de-practicas\/practicas\/formularios-formalizacion-de-practicas\/\" target=\"_blank\" rel=\"noopener noreferrer\">https:\/\/observatorio.umh.es\/estudiantes-bolsa-de-practicas\/practicas\/formularios-formalizacion-de-practicas\/\u00a0<\/a><\/strong><\/p>\n<p>&nbsp;<\/p>\n<hr \/>\n<p><strong>361\u00ba Asociaci\u00f3n de Empresas de Publicidad de la Provincia de Alicante.<\/strong><\/p>\n<p>Esta asociaci\u00f3n ha firmado esta ma\u00f1ana un convenio de colaboraci\u00f3n con la UMH para la creaci\u00f3n de la Plataforma COMUNIC_A. El objetivo de este acuerdo es impulsar actividades culturales y acad\u00e9micas entre la UMH y la Asociaci\u00f3n de Empresas de Publicidad de la Provincia de Alicante, 361\u00ba, as\u00ed como facilitar las pr\u00e1cticas profesionales de los estudiantes del Grado en Comunicaci\u00f3n Audiovisual de la UMH.<\/p>\n<p><a href=\"https:\/\/comunicacion.umh.es\/2016\/06\/16\/la-umh-y-la-asociacion-de-empresas-de-publicidad-de-la-provincia-de-alicante-361o-firman-un-convenio-para-la-creacion-de-comunic_a\/\" target=\"_blank\" rel=\"noopener noreferrer\">https:\/\/comunicacion.umh.es\/2016\/06\/16\/la-umh-y-la-asociacion-de-empresas-de-publicidad-de-la-provincia-de-alicante-361o-firman-un-convenio-para-la-creacion-de-comunic_a\/<\/a><\/p>\n<p>Aqu\u00ed es posible consultar un listado de empresas asociadas a <strong>361\u00ba Asociaci\u00f3n de Empresas de Publicidad de la Provincia de Alicante.<\/strong><\/p>\n<p><a href=\"http:\/\/www.asociacion361.es\/empresas_asociadas.htm\" target=\"_blank\" rel=\"noopener noreferrer\">http:\/\/www.asociacion361.es\/empresas_asociadas.htm<\/a><\/p>\n<hr \/>\n<p>&nbsp;<\/p>\n<p><strong>LINKEDIN PROFESIONAL\u00a0<\/strong><\/p>\n<p><strong>Dolores L\u00f3pez Mart\u00ednez<\/strong><\/p>\n<p>6 de Mayo de 2016<\/p>\n<p>&nbsp;<\/p>","protected":false},"excerpt":{"rendered":"<p>FORMALIZAR UNA PR\u00c1CTICA<br \/>\nUna vez has contactado con la empresa para acordar las condiciones de tu pr\u00e1ctica y con un profesor de tu titulaci\u00f3n para que sea tu tutor acad\u00e9mico, debes\u00a0generar los documentos de pr\u00e1cticas.<br \/>\nTambi\u00e9n puedes consultar las instrucciones para formalizar las pr\u00e1cticas.<br \/>\nRecuerda que debes imprimir 3 copias de tu anexo de pr\u00e1cticas y 2 copias [&#8230;]<\/p>\n","protected":false},"author":1406,"featured_media":0,"parent":281,"menu_order":33,"comment_status":"closed","ping_status":"closed","template":"","meta":{"_links_to":"","_links_to_target":""},"_links":{"self":[{"href":"https:\/\/caup.umh.es\/ca\/wp-json\/wp\/v2\/pages\/1779"}],"collection":[{"href":"https:\/\/caup.umh.es\/ca\/wp-json\/wp\/v2\/pages"}],"about":[{"href":"https:\/\/caup.umh.es\/ca\/wp-json\/wp\/v2\/types\/page"}],"author":[{"embeddable":true,"href":"https:\/\/caup.umh.es\/ca\/wp-json\/wp\/v2\/users\/1406"}],"replies":[{"embeddable":true,"href":"https:\/\/caup.umh.es\/ca\/wp-json\/wp\/v2\/comments?post=1779"}],"version-history":[{"count":0,"href":"https:\/\/caup.umh.es\/ca\/wp-json\/wp\/v2\/pages\/1779\/revisions"}],"up":[{"embeddable":true,"href":"https:\/\/caup.umh.es\/ca\/wp-json\/wp\/v2\/pages\/281"}],"wp:attachment":[{"href":"https:\/\/caup.umh.es\/ca\/wp-json\/wp\/v2\/media?parent=1779"}],"curies":[{"name":"wp","href":"https:\/\/api.w.org\/{rel}","templated":true}]}}