{"id":747,"date":"2015-09-19T12:38:07","date_gmt":"2015-09-19T12:38:07","guid":{"rendered":"http:\/\/cau.edu.umh.es\/?page_id=747"},"modified":"2024-05-15T09:57:05","modified_gmt":"2024-05-15T07:57:05","slug":"movilidad","status":"publish","type":"page","link":"https:\/\/caup.umh.es\/en\/movilidad\/","title":{"rendered":"Movilidad"},"content":{"rendered":"<p><strong>&#8230; QU\u00c9 TENGO QUE HACER PARA IRME A ESTUDIAR FUERA<\/strong><\/p>\n<p>Acude a al Oficina de Relaciones Internacionales (ORI) y, en la unidad de movilidad, te explicar\u00e1n los diferentes programas nacionales e internacionales as\u00ed como el procedimiento a seguir y plazos para poder realizar las solicitudes, acuerdos, etc.<\/p>\n<p><a href=\"https:\/\/internacional.umh.es\/\" target=\"_blank\" rel=\"noopener noreferrer\">https:\/\/internacional.umh.es\/<\/a><\/p>\n<p><strong>PROGRAMAS DE MOVILIDAD DE ESTUDIANTES (Vicerrectorado de Relaciones Internacionales)<\/strong><\/p>\n<p>Toda la informaci\u00f3n est\u00e1 disponible en\u00a0<a href=\"https:\/\/internacional.umh.es\/movilidad\/estudiantes\/\" target=\"_blank\" rel=\"noopener noreferrer\">https:\/\/internacional.umh.es\/movilidad\/estudiantes\/<\/a><\/p>\n<p>Permiten estudiar un cuatrimestre o un curso acad\u00e9mico completo en otra universidad sin realizar traslado de expediente. Hay 3 modalidades de movilidad:<\/p>\n<p><strong>A)\u00a0Movilidad NACIONAL:<\/strong><br \/>\n<span style=\"text-decoration: underline\">Programa SICUE<\/span><br \/>\nPlazas disponibles para CAU:<\/p>\n<p>Universidad Complutense de Madrid. 2\u00a0plazas de 9 meses.<\/p>\n<p><strong>B)\u00a0Movilidad INTERNACIONAL:<\/strong><\/p>\n<p><span style=\"text-decoration: underline\">Programa ERASMUS +:\u00a0Estudios o pr\u00e1cticas<\/span><br \/>\nPlazas disponibles para CAU:<\/p>\n<table width=\"872\">\n<tbody>\n<tr>\n<td width=\"214\"><strong>NOMBRE INGLES<\/strong><\/td>\n<td width=\"222\"><strong>NOMBRE ORIGINAL<\/strong><\/td>\n<td width=\"108\"><strong>PLAZAS OFERTADAS<\/strong><\/td>\n<td width=\"46\"><strong>MESES<\/strong><\/td>\n<td width=\"103\"><strong>CICLO ESTUDIOS<\/strong><\/td>\n<td width=\"179\"><strong>AREA<\/strong><\/td>\n<\/tr>\n<tr>\n<td width=\"214\">University of Bonn<\/td>\n<td width=\"222\">Rheinische-Friedrich Wilhelms Universit\u00e4t Bonn<\/td>\n<td width=\"108\">3<\/td>\n<td width=\"46\">10<\/td>\n<td width=\"103\">1\u00ba,2\u00ba<\/td>\n<td width=\"179\">Communication and Information Sciences<\/td>\n<\/tr>\n<tr>\n<td width=\"214\">University of Trier<\/td>\n<td width=\"222\">Universit\u00e4t Trier<\/td>\n<td width=\"108\">2<\/td>\n<td width=\"46\">9<\/td>\n<td width=\"103\">FS<\/td>\n<td width=\"179\">Audiovisual techniques and media production<\/td>\n<\/tr>\n<tr>\n<td width=\"214\">EFAP Images &amp; M\u00e9dias<\/td>\n<td width=\"222\">EFAP Ecole des Metiers de la Communication<\/td>\n<td width=\"108\">2<\/td>\n<td width=\"46\">9<\/td>\n<td width=\"103\">1\u00ba,2\u00ba<\/td>\n<td width=\"179\">Photography, Cinematography<\/td>\n<\/tr>\n<tr>\n<td width=\"214\">Universit\u00e0 Degli Studi &#8220;Suor Orsola Benincasa&#8221;<\/td>\n<td width=\"222\">Universit\u00e0 Degli Studi &#8220;Suor Orsola Benincasa&#8221;<\/td>\n<td width=\"108\">2<\/td>\n<td width=\"46\">9<\/td>\n<td width=\"103\">1\u00ba<\/td>\n<td width=\"179\">Audiovisual techniques and media production<\/td>\n<\/tr>\n<tr>\n<td width=\"214\">Libera Universit\u00e0 Maria SS. Assunta (LUMSA)<\/td>\n<td width=\"222\">Libera Universit\u00e0 Maria SS. Assunta (LUMSA)<\/td>\n<td width=\"108\">4<\/td>\n<td width=\"46\">9<\/td>\n<td width=\"103\">1\u00ba,2\u00ba<\/td>\n<td width=\"179\">Communication Techniques and Media Production<\/td>\n<\/tr>\n<tr>\n<td><\/td>\n<td><\/td>\n<td><\/td>\n<td width=\"46\">9<\/td>\n<td><\/td>\n<td><\/td>\n<\/tr>\n<tr>\n<td width=\"214\">Charles University in Prague<\/td>\n<td width=\"222\">Univerzita Karlova v Praze<\/td>\n<td width=\"108\">2<\/td>\n<td width=\"46\">9<\/td>\n<td width=\"103\">1\u00ba,2\u00ba<\/td>\n<td width=\"179\">Photography , cinematrography\/Comunication and information Sciences(solo incoming)<\/td>\n<\/tr>\n<tr>\n<td width=\"214\">FAMU Film and TV School of Academy of Performing Arts in Prague<\/td>\n<td width=\"222\">Filmov\u00e1 a televizn\u00ed fakulta Akademie m\u00fazick\u00fdch um\u011bn\u00ed v Praze)<\/td>\n<td width=\"108\">2<\/td>\n<td width=\"46\">9<\/td>\n<td width=\"103\">1\u00ba,2\u00ba<\/td>\n<td width=\"179\">Photography, Cinematography \/ Communication and Information Sciences<\/td>\n<\/tr>\n<tr>\n<td width=\"214\">Plymouth College of Art<\/td>\n<td width=\"222\">Plymouth College of Art<\/td>\n<td width=\"108\">2<\/td>\n<td width=\"46\">9<\/td>\n<td width=\"103\">1\u00ba<\/td>\n<td width=\"179\">Film<\/td>\n<\/tr>\n<\/tbody>\n<\/table>\n<p><span style=\"text-decoration: underline\">Programa DESTINO<\/span><\/p>\n<p>Para las\u00a0Becas Destino se\u00a0ofrece un listado con todos los convenios firmados entre la UMH y universidades iberoamericanas o del resto del mundo. El alumnado interesado\u00a0comprueba si se oferta una titulaci\u00f3n equivalente a la suya para poder elegir las universidades cuando solicita la Beca.<br \/>\nPuedes ver el listado:\u00a0<a href=\"https:\/\/internacional.umh.es\/\" target=\"_blank\" rel=\"noopener noreferrer\">https:\/\/internacional.umh.es\/<\/a><\/p>\n<p>&nbsp;<\/p>\n<hr \/>\n<p>&nbsp;<\/p>\n<p><strong>PROGRAMA BUDDY<\/strong><\/p>\n<p>El programa BUDDY, desarrollado por el Servicio de Relaciones Internacionales, se cre\u00f3 con el fin de ayudar a los estudiantes de intercambio a integrarse social y acad\u00e9micamente en la Universidad Miguel Hern\u00e1ndez.<br \/>\nConsiste en apadrinar estudiantes de intercambio que vengan a la UMH durante el pr\u00f3ximo curso. El objetivo es que estos estudiantes extranjeros se incorporen con facilidad a la vida UMH. A cambio, el estudiante UMH puede beneficiarse de conocer gente de otros pa\u00edses, cultura, idioma, etc.<br \/>\nSus objetivos son:<br \/>\n1. Integrar a los estudiantes de intercambio en la universidad.<br \/>\n2. Ayudar a los alumnos de intercambio a adaptarse a la vida acad\u00e9mica y social espa\u00f1ola.<br \/>\n3. Practicar un idioma extranjero por parte de ambos.<br \/>\n4. Conocer nuevas personas, sus idiomas, sus costumbres, su cultura.<br \/>\nEl estudiante UMH que se inscriba deber\u00e1:<br \/>\n1. Ayudar al estudiante de intercambio en la medida de sus posibilidades.<br \/>\n2. Recibir a su compa\u00f1ero extranjero y ense\u00f1arle a desplazarse por el Campus.<br \/>\n3. Ayudar en la b\u00fasqueda de alojamiento (programa NIDO).<br \/>\n4. Integrarle en el ambiente juvenil y universitario de la ciudad.<br \/>\n5. Introducirle en la cultura y en la sociedad espa\u00f1ola hasta conseguir que sea uno m\u00e1s de ella.<br \/>\nA cambio, esta labor de apadrinamiento dar\u00e1 ventajas a la hora de participar en el Programa ERASMUS+ de movilidad internacional.<br \/>\nSi est\u00e1s interesado en inscribirte y participar, consulta el enlace que aparece a continuaci\u00f3n.<\/p>\n<p>Direcci\u00f3n Web: <a href=\"https:\/\/internacional.umh.es\/movilidad\/estudiantes\/programa-buddy\/\" target=\"_blank\" rel=\"noopener noreferrer\">https:\/\/internacional.umh.es\/movilidad\/estudiantes\/programa-buddy\/<\/a><\/p>\n<p>&nbsp;<\/p>","protected":false},"excerpt":{"rendered":"<p>&#8230; QU\u00c9 TENGO QUE HACER PARA IRME A ESTUDIAR FUERA<br \/>\nAcude a al Oficina de Relaciones Internacionales (ORI) y, en la unidad de movilidad, te explicar\u00e1n los diferentes programas nacionales e internacionales as\u00ed como el procedimiento a seguir y plazos para poder realizar las solicitudes, acuerdos, etc.<br \/>\nhttps:\/\/internacional.umh.es\/<br \/>\nPROGRAMAS DE MOVILIDAD DE ESTUDIANTES (Vicerrectorado de Relaciones Internacionales)<br \/>\nToda la [&#8230;]<\/p>\n","protected":false},"author":1406,"featured_media":0,"parent":0,"menu_order":10,"comment_status":"closed","ping_status":"closed","template":"","meta":{"_links_to":"","_links_to_target":""},"_links":{"self":[{"href":"https:\/\/caup.umh.es\/en\/wp-json\/wp\/v2\/pages\/747"}],"collection":[{"href":"https:\/\/caup.umh.es\/en\/wp-json\/wp\/v2\/pages"}],"about":[{"href":"https:\/\/caup.umh.es\/en\/wp-json\/wp\/v2\/types\/page"}],"author":[{"embeddable":true,"href":"https:\/\/caup.umh.es\/en\/wp-json\/wp\/v2\/users\/1406"}],"replies":[{"embeddable":true,"href":"https:\/\/caup.umh.es\/en\/wp-json\/wp\/v2\/comments?post=747"}],"version-history":[{"count":0,"href":"https:\/\/caup.umh.es\/en\/wp-json\/wp\/v2\/pages\/747\/revisions"}],"wp:attachment":[{"href":"https:\/\/caup.umh.es\/en\/wp-json\/wp\/v2\/media?parent=747"}],"curies":[{"name":"wp","href":"https:\/\/api.w.org\/{rel}","templated":true}]}}